{"id":118,"date":"2025-07-28T17:59:51","date_gmt":"2025-07-28T15:59:51","guid":{"rendered":"https:\/\/metakocka.shop\/metakocka\/?page_id=118"},"modified":"2025-07-28T18:07:11","modified_gmt":"2025-07-28T16:07:11","slug":"davcna-blagajna","status":"publish","type":"page","link":"https:\/\/metakocka.shop\/metakocka\/davcna-blagajna\/","title":{"rendered":"Dav\u010dna blagajna"},"content":{"rendered":"\n<div class=\"wp-block-columns is-layout-flex wp-container-core-columns-is-layout-28f84493 wp-block-columns-is-layout-flex\">\n<div class=\"wp-block-column is-layout-flow wp-block-column-is-layout-flow\">\n<div data-wp-context=\"{&quot;notices&quot;:[],&quot;collection&quot;:&quot;woocommerce\\\/product-collection\\\/hand-picked&quot;}\" data-wp-init=\"callbacks.onRender\" data-wp-interactive=\"woocommerce\/product-collection\" data-wp-router-region=\"wc-product-collection-0\" data-__private-preview-state=\"{&quot;isPreview&quot;:false,&quot;previewMessage&quot;:&quot;Dejanski izdelki se razlikujejo glede na stran, ki si jo ogledujete.&quot;}\" data-block-name=\"woocommerce\/product-collection\" data-collection=\"woocommerce\/product-collection\/hand-picked\" data-dimensions=\"{&quot;widthType&quot;:&quot;fill&quot;}\" data-display-layout=\"{&quot;type&quot;:&quot;flex&quot;,&quot;columns&quot;:5,&quot;shrinkColumns&quot;:true}\" data-hide-controls=\"[&quot;inherit&quot;,&quot;hand-picked&quot;,&quot;filterable&quot;,&quot;order&quot;]\" data-query-context-includes=\"[&quot;collection&quot;]\" data-query-id=\"0\" data-query=\"{&quot;perPage&quot;:9,&quot;pages&quot;:0,&quot;offset&quot;:0,&quot;postType&quot;:&quot;product&quot;,&quot;order&quot;:&quot;asc&quot;,&quot;orderBy&quot;:&quot;post__in&quot;,&quot;search&quot;:&quot;&quot;,&quot;exclude&quot;:[],&quot;inherit&quot;:false,&quot;taxQuery&quot;:[],&quot;isProductCollectionBlock&quot;:true,&quot;featured&quot;:false,&quot;woocommerceOnSale&quot;:false,&quot;woocommerceStockStatus&quot;:[&quot;instock&quot;,&quot;outofstock&quot;,&quot;onbackorder&quot;],&quot;woocommerceAttributes&quot;:[],&quot;woocommerceHandPickedProducts&quot;:[&quot;97&quot;,&quot;75&quot;,&quot;95&quot;,&quot;99&quot;,&quot;89&quot;,&quot;93&quot;,&quot;91&quot;],&quot;filterable&quot;:false,&quot;relatedBy&quot;:{&quot;categories&quot;:true,&quot;tags&quot;:true}}\" data-tag-name=\"div\" class=\"wp-block-woocommerce-product-collection is-layout-flow wp-block-woocommerce-product-collection-is-layout-flow\">\t\t<div data-wp-interactive=\"woocommerce\/store-notices\" class=\"wc-block-components-notices alignwide\">\n\t\t\t<template data-wp-each--notice=\"state.notices\" data-wp-each-key=\"context.notice.id\">\n\t\t\t\t<div\n\t\t\t\t\tclass=\"wc-block-components-notice-banner\"\n\t\t\t\t\tdata-wp-init=\"callbacks.scrollIntoView\"\n\t\t\t\t\tdata-wp-class--is-error=\"state.isError\"\n\t\t\t\t\tdata-wp-class--is-success =\"state.isSuccess\"\n\t\t\t\t\tdata-wp-class--is-info=\"state.isInfo\"\n\t\t\t\t\tdata-wp-class--is-dismissible=\"context.notice.dismissible\"\n\t\t\t\t\tdata-wp-bind--role=\"state.role\"\n\t\t\t\t>\n\t\t\t\t\t<svg xmlns=\"http:\/\/www.w3.org\/2000\/svg\" viewBox=\"0 0 24 24\" width=\"24\" height=\"24\" aria-hidden=\"true\" focusable=\"false\">\n\t\t\t\t\t\t<path data-wp-bind--d=\"state.iconPath\"><\/path>\n\t\t\t\t\t<\/svg>\n\t\t\t\t\t<div class=\"wc-block-components-notice-banner__content\">\n\t\t\t\t\t\t<span data-wp-init=\"callbacks.renderNoticeContent\"><\/span>\n\t\t\t\t\t<\/div>\n\t\t\t\t\t<button\n\t\t\t\t\t\tdata-wp-bind--hidden=\"!context.notice.dismissible\"\n\t\t\t\t\t\tclass=\"wc-block-components-button wp-element-button wc-block-components-notice-banner__dismiss contained\"\n\t\t\t\t\t\taria-label=\"Opusti to obvestilo\"\n\t\t\t\t\t\tdata-wp-on--click=\"actions.removeNotice\"\n\t\t\t\t\t>\n\t\t\t\t\t\t<svg xmlns=\"http:\/\/www.w3.org\/2000\/svg\" viewBox=\"0 0 24 24\">\n\t\t\t\t\t\t\t<path d=\"M13 11.8l6.1-6.3-1-1-6.1 6.2-6.1-6.2-1 1 6.1 6.3-6.5 6.7 1 1 6.5-6.6 6.5 6.6 1-1z\" \/>\n\t\t\t\t\t\t<\/svg>\n\t\t\t\t\t<\/button>\n\t\t\t\t<\/div>\n\t\t\t<\/template>\n\t\t<\/div>\n\t\t<ul data-block-name=\"woocommerce\/product-template\" class=\"wc-block-product-template__responsive columns-5 wc-block-product-template wp-block-woocommerce-product-template\"><li class=\"wc-block-product post-97 product type-product status-publish has-post-thumbnail product_cat-davcna-blagajna first instock taxable shipping-taxable product-type-simple\"\n\t\t\t\t\t\n\t\t\t\tdata-wp-interactive=\"woocommerce\/product-collection\"\n\t\t\t\tdata-wp-context='{\"productId\":97}'\n\t\t\t\tdata-wp-key=\"product-item-97\"\n\t\t\t\n\t\t\t\t>\n\t\t\t\t\t\n<div data-block-name=\"woocommerce\/product-image\" data-image-sizing=\"thumbnail\" data-is-descendent-of-query-loop=\"true\" data-show-sale-badge=\"false\" class=\"wc-block-components-product-image wc-block-grid__product-image wp-block-woocommerce-product-image\"><a href=\"https:\/\/metakocka.shop\/metakocka\/product\/blagajniski-predal-metapace-k-2\/\" style=\"\" data-wp-on--click=\"woocommerce\/product-collection::actions.viewProduct\"><img loading=\"lazy\" decoding=\"async\" width=\"300\" height=\"300\" src=\"https:\/\/metakocka.shop\/metakocka\/wp-content\/uploads\/2025\/07\/Metapace_K-2-300x300.png\" class=\"attachment-woocommerce_thumbnail size-woocommerce_thumbnail\" alt=\"Blagajni\u0161ki predal Metapace K-2\" data-testid=\"product-image\" data-image-id=\"96\" style=\"max-width:none;object-fit:cover;\" title=\"Metapace_K-2.png\" srcset=\"https:\/\/metakocka.shop\/metakocka\/wp-content\/uploads\/2025\/07\/Metapace_K-2-300x300.png 300w, https:\/\/metakocka.shop\/metakocka\/wp-content\/uploads\/2025\/07\/Metapace_K-2-100x100.png 100w, https:\/\/metakocka.shop\/metakocka\/wp-content\/uploads\/2025\/07\/Metapace_K-2-600x600.png 600w, https:\/\/metakocka.shop\/metakocka\/wp-content\/uploads\/2025\/07\/Metapace_K-2-1024x1024.png 1024w, https:\/\/metakocka.shop\/metakocka\/wp-content\/uploads\/2025\/07\/Metapace_K-2-150x150.png 150w, https:\/\/metakocka.shop\/metakocka\/wp-content\/uploads\/2025\/07\/Metapace_K-2-768x768.png 768w, https:\/\/metakocka.shop\/metakocka\/wp-content\/uploads\/2025\/07\/Metapace_K-2-1536x1536.png 1536w, https:\/\/metakocka.shop\/metakocka\/wp-content\/uploads\/2025\/07\/Metapace_K-2.png 1600w\" sizes=\"auto, (max-width: 300px) 100vw, 300px\" \/><div class=\"wc-block-components-product-image__inner-container\">\n\n<\/div><\/a><\/div>\n\n<h2 style=\"line-height:1.4; margin-bottom:0.75rem;margin-top:0;\" class=\"has-text-align-center wp-block-post-title has-medium-font-size\"><a data-wp-on--click=\"woocommerce\/product-collection::actions.viewProduct\" href=\"https:\/\/metakocka.shop\/metakocka\/product\/blagajniski-predal-metapace-k-2\/\" target=\"_self\" >Blagajni\u0161ki predal Metapace K-2<\/a><\/h2>\n\n<div data-block-name=\"woocommerce\/product-price\" data-font-size=\"small\" data-is-descendent-of-query-loop=\"true\" data-text-align=\"center\" class=\"wp-block-woocommerce-product-price\"><div class=\"wc-block-components-product-price wc-block-grid__product-price has-text-align-center has-font-size has-small-font-size has-text-align-center\" style=\"\" >\n\t\t\t\t\t\n\t\t\t\t<\/div><\/div>\n\n<div data-block-name=\"woocommerce\/product-button\" data-font-size=\"small\" data-is-descendent-of-query-loop=\"true\" data-text-align=\"center\" class=\"wp-block-button wc-block-components-product-button   align-center wp-block-woocommerce-product-button has-small-font-size\"\n\t\t\t\t\t\n\t\t\t\t>\n\t\t\t\t\t<a\n\t\t\t\t\t\tclass=\"wp-block-button__link wp-element-button wc-block-components-product-button__button product_type_simple has-font-size has-small-font-size has-text-align-center wc-interactive\"\n\t\t\t\t\t\tstyle=\"\"\n\t\t\t\t\t\thref=\"https:\/\/metakocka.shop\/metakocka\/product\/blagajniski-predal-metapace-k-2\/\" rel=\"nofollow\" data-product_id=\"97\" data-product_sku=\"MK-JL-07\" aria-label=\"Preberite si ve\u010d o &ldquo;Blagajni\u0161ki predal Metapace K-2&rdquo;\"\n\t\t\t\t\t\tdata-wp-on--click=\"woocommerce\/product-collection::actions.viewProduct\"\n\t\t\t\t\t>\n\t\t\t\t\t<span >Add to Cart<\/span>\n\t\t\t\t\t<\/a>\n\t\t\t\t\t\n\t\t\t\t<\/div>\n\n\t\t\t\t<\/li><li class=\"wc-block-product post-95 product type-product status-publish has-post-thumbnail product_cat-davcna-blagajna product_tag-citalec product_tag-crtne-kode  instock taxable shipping-taxable product-type-simple\"\n\t\t\t\t\t\n\t\t\t\tdata-wp-interactive=\"woocommerce\/product-collection\"\n\t\t\t\tdata-wp-context='{\"productId\":95}'\n\t\t\t\tdata-wp-key=\"product-item-95\"\n\t\t\t\n\t\t\t\t>\n\t\t\t\t\t\n<div data-block-name=\"woocommerce\/product-image\" data-image-sizing=\"thumbnail\" data-is-descendent-of-query-loop=\"true\" data-show-sale-badge=\"false\" class=\"wc-block-components-product-image wc-block-grid__product-image wp-block-woocommerce-product-image\"><a href=\"https:\/\/metakocka.shop\/metakocka\/product\/motorola-ls2208-1d-citalec\/\" style=\"\" data-wp-on--click=\"woocommerce\/product-collection::actions.viewProduct\"><img loading=\"lazy\" decoding=\"async\" width=\"300\" height=\"300\" src=\"https:\/\/metakocka.shop\/metakocka\/wp-content\/uploads\/2025\/07\/LS2208-300x300.jpg\" class=\"attachment-woocommerce_thumbnail size-woocommerce_thumbnail\" alt=\"Motorola LS2208, 1D \u010ditalec\" data-testid=\"product-image\" data-image-id=\"94\" style=\"max-width:none;object-fit:cover;\" title=\"LS2208.jpg\" srcset=\"https:\/\/metakocka.shop\/metakocka\/wp-content\/uploads\/2025\/07\/LS2208-300x300.jpg 300w, https:\/\/metakocka.shop\/metakocka\/wp-content\/uploads\/2025\/07\/LS2208-100x100.jpg 100w, https:\/\/metakocka.shop\/metakocka\/wp-content\/uploads\/2025\/07\/LS2208-600x600.jpg 600w, https:\/\/metakocka.shop\/metakocka\/wp-content\/uploads\/2025\/07\/LS2208-1024x1024.jpg 1024w, https:\/\/metakocka.shop\/metakocka\/wp-content\/uploads\/2025\/07\/LS2208-150x150.jpg 150w, https:\/\/metakocka.shop\/metakocka\/wp-content\/uploads\/2025\/07\/LS2208-768x768.jpg 768w, https:\/\/metakocka.shop\/metakocka\/wp-content\/uploads\/2025\/07\/LS2208-1536x1536.jpg 1536w, https:\/\/metakocka.shop\/metakocka\/wp-content\/uploads\/2025\/07\/LS2208-2048x2048.jpg 2048w\" sizes=\"auto, (max-width: 300px) 100vw, 300px\" \/><div class=\"wc-block-components-product-image__inner-container\">\n\n<\/div><\/a><\/div>\n\n<h2 style=\"line-height:1.4; margin-bottom:0.75rem;margin-top:0;\" class=\"has-text-align-center wp-block-post-title has-medium-font-size\"><a data-wp-on--click=\"woocommerce\/product-collection::actions.viewProduct\" href=\"https:\/\/metakocka.shop\/metakocka\/product\/motorola-ls2208-1d-citalec\/\" target=\"_self\" >Motorola LS2208, 1D \u010ditalec<\/a><\/h2>\n\n<div data-block-name=\"woocommerce\/product-price\" data-font-size=\"small\" data-is-descendent-of-query-loop=\"true\" data-text-align=\"center\" class=\"wp-block-woocommerce-product-price\"><div class=\"wc-block-components-product-price wc-block-grid__product-price has-text-align-center has-font-size has-small-font-size has-text-align-center\" style=\"\" >\n\t\t\t\t\t\n\t\t\t\t<\/div><\/div>\n\n<div data-block-name=\"woocommerce\/product-button\" data-font-size=\"small\" data-is-descendent-of-query-loop=\"true\" data-text-align=\"center\" class=\"wp-block-button wc-block-components-product-button   align-center wp-block-woocommerce-product-button has-small-font-size\"\n\t\t\t\t\t\n\t\t\t\t>\n\t\t\t\t\t<a\n\t\t\t\t\t\tclass=\"wp-block-button__link wp-element-button wc-block-components-product-button__button product_type_simple has-font-size has-small-font-size has-text-align-center wc-interactive\"\n\t\t\t\t\t\tstyle=\"\"\n\t\t\t\t\t\thref=\"https:\/\/metakocka.shop\/metakocka\/product\/motorola-ls2208-1d-citalec\/\" rel=\"nofollow\" data-product_id=\"95\" data-product_sku=\"MK-JL-08sc\" aria-label=\"Preberite si ve\u010d o &ldquo;Motorola LS2208, 1D \u010ditalec&rdquo;\"\n\t\t\t\t\t\tdata-wp-on--click=\"woocommerce\/product-collection::actions.viewProduct\"\n\t\t\t\t\t>\n\t\t\t\t\t<span >Add to Cart<\/span>\n\t\t\t\t\t<\/a>\n\t\t\t\t\t\n\t\t\t\t<\/div>\n\n\t\t\t\t<\/li><li class=\"wc-block-product post-99 product type-product status-publish has-post-thumbnail product_cat-davcna-blagajna product_tag-pos-tiskalnik product_tag-pos-tiskalnik-star-tsp100-tsp143iiiu  instock taxable shipping-taxable product-type-simple\"\n\t\t\t\t\t\n\t\t\t\tdata-wp-interactive=\"woocommerce\/product-collection\"\n\t\t\t\tdata-wp-context='{\"productId\":99}'\n\t\t\t\tdata-wp-key=\"product-item-99\"\n\t\t\t\n\t\t\t\t>\n\t\t\t\t\t\n<div data-block-name=\"woocommerce\/product-image\" data-image-sizing=\"thumbnail\" data-is-descendent-of-query-loop=\"true\" data-show-sale-badge=\"false\" class=\"wc-block-components-product-image wc-block-grid__product-image wp-block-woocommerce-product-image\"><a href=\"https:\/\/metakocka.shop\/metakocka\/product\/pos-tiskalnik-star-tsp100-tsp143iiiu\/\" style=\"\" data-wp-on--click=\"woocommerce\/product-collection::actions.viewProduct\"><img loading=\"lazy\" decoding=\"async\" width=\"300\" height=\"300\" src=\"https:\/\/metakocka.shop\/metakocka\/wp-content\/uploads\/2025\/07\/STARTSP-300x300.jpg\" class=\"attachment-woocommerce_thumbnail size-woocommerce_thumbnail\" alt=\"POS tiskalnik Star TSP100 TSP143IIIU\" data-testid=\"product-image\" data-image-id=\"98\" style=\"max-width:none;object-fit:cover;\" title=\"STARTSP.jpg\" srcset=\"https:\/\/metakocka.shop\/metakocka\/wp-content\/uploads\/2025\/07\/STARTSP-300x300.jpg 300w, https:\/\/metakocka.shop\/metakocka\/wp-content\/uploads\/2025\/07\/STARTSP-100x100.jpg 100w, https:\/\/metakocka.shop\/metakocka\/wp-content\/uploads\/2025\/07\/STARTSP-600x600.jpg 600w, https:\/\/metakocka.shop\/metakocka\/wp-content\/uploads\/2025\/07\/STARTSP-150x150.jpg 150w, https:\/\/metakocka.shop\/metakocka\/wp-content\/uploads\/2025\/07\/STARTSP-768x768.jpg 768w, https:\/\/metakocka.shop\/metakocka\/wp-content\/uploads\/2025\/07\/STARTSP.jpg 1000w\" sizes=\"auto, (max-width: 300px) 100vw, 300px\" \/><div class=\"wc-block-components-product-image__inner-container\">\n\n<\/div><\/a><\/div>\n\n<h2 style=\"line-height:1.4; margin-bottom:0.75rem;margin-top:0;\" class=\"has-text-align-center wp-block-post-title has-medium-font-size\"><a data-wp-on--click=\"woocommerce\/product-collection::actions.viewProduct\" href=\"https:\/\/metakocka.shop\/metakocka\/product\/pos-tiskalnik-star-tsp100-tsp143iiiu\/\" target=\"_self\" >POS tiskalnik Star TSP100 TSP143IIIU<\/a><\/h2>\n\n<div data-block-name=\"woocommerce\/product-price\" data-font-size=\"small\" data-is-descendent-of-query-loop=\"true\" data-text-align=\"center\" class=\"wp-block-woocommerce-product-price\"><div class=\"wc-block-components-product-price wc-block-grid__product-price has-text-align-center has-font-size has-small-font-size has-text-align-center\" style=\"\" >\n\t\t\t\t\t\n\t\t\t\t<\/div><\/div>\n\n<div data-block-name=\"woocommerce\/product-button\" data-font-size=\"small\" data-is-descendent-of-query-loop=\"true\" data-text-align=\"center\" class=\"wp-block-button wc-block-components-product-button   align-center wp-block-woocommerce-product-button has-small-font-size\"\n\t\t\t\t\t\n\t\t\t\t>\n\t\t\t\t\t<a\n\t\t\t\t\t\tclass=\"wp-block-button__link wp-element-button wc-block-components-product-button__button product_type_simple has-font-size has-small-font-size has-text-align-center wc-interactive\"\n\t\t\t\t\t\tstyle=\"\"\n\t\t\t\t\t\thref=\"https:\/\/metakocka.shop\/metakocka\/product\/pos-tiskalnik-star-tsp100-tsp143iiiu\/\" rel=\"nofollow\" data-product_id=\"99\" data-product_sku=\"MK-JL-06\" aria-label=\"Preberite si ve\u010d o &ldquo;POS tiskalnik Star TSP100 TSP143IIIU&rdquo;\"\n\t\t\t\t\t\tdata-wp-on--click=\"woocommerce\/product-collection::actions.viewProduct\"\n\t\t\t\t\t>\n\t\t\t\t\t<span >Add to Cart<\/span>\n\t\t\t\t\t<\/a>\n\t\t\t\t\t\n\t\t\t\t<\/div>\n\n\t\t\t\t<\/li><li class=\"wc-block-product post-89 product type-product status-publish has-post-thumbnail product_cat-davcna-blagajna last instock taxable shipping-taxable product-type-simple\"\n\t\t\t\t\t\n\t\t\t\tdata-wp-interactive=\"woocommerce\/product-collection\"\n\t\t\t\tdata-wp-context='{\"productId\":89}'\n\t\t\t\tdata-wp-key=\"product-item-89\"\n\t\t\t\n\t\t\t\t>\n\t\t\t\t\t\n<div data-block-name=\"woocommerce\/product-image\" data-image-sizing=\"thumbnail\" data-is-descendent-of-query-loop=\"true\" data-show-sale-badge=\"false\" class=\"wc-block-components-product-image wc-block-grid__product-image wp-block-woocommerce-product-image\"><a href=\"https:\/\/metakocka.shop\/metakocka\/product\/trak-termo-za-pos-tisklanik-80x60x12\/\" style=\"\" data-wp-on--click=\"woocommerce\/product-collection::actions.viewProduct\"><img loading=\"lazy\" decoding=\"async\" width=\"300\" height=\"300\" src=\"https:\/\/metakocka.shop\/metakocka\/wp-content\/uploads\/2025\/07\/POSTRAK-300x300.jpg\" class=\"attachment-woocommerce_thumbnail size-woocommerce_thumbnail\" alt=\"TRAK TERMO ZA POS TISKLANIK  80X60X12\" data-testid=\"product-image\" data-image-id=\"88\" style=\"max-width:none;object-fit:cover;\" title=\"POSTRAK.jpg\" srcset=\"https:\/\/metakocka.shop\/metakocka\/wp-content\/uploads\/2025\/07\/POSTRAK-300x300.jpg 300w, https:\/\/metakocka.shop\/metakocka\/wp-content\/uploads\/2025\/07\/POSTRAK-100x100.jpg 100w, https:\/\/metakocka.shop\/metakocka\/wp-content\/uploads\/2025\/07\/POSTRAK-150x150.jpg 150w, https:\/\/metakocka.shop\/metakocka\/wp-content\/uploads\/2025\/07\/POSTRAK.jpg 600w\" sizes=\"auto, (max-width: 300px) 100vw, 300px\" \/><div class=\"wc-block-components-product-image__inner-container\">\n\n<\/div><\/a><\/div>\n\n<h2 style=\"line-height:1.4; margin-bottom:0.75rem;margin-top:0;\" class=\"has-text-align-center wp-block-post-title has-medium-font-size\"><a data-wp-on--click=\"woocommerce\/product-collection::actions.viewProduct\" href=\"https:\/\/metakocka.shop\/metakocka\/product\/trak-termo-za-pos-tisklanik-80x60x12\/\" target=\"_self\" >TRAK TERMO ZA POS TISKLANIK  80X60X12<\/a><\/h2>\n\n<div data-block-name=\"woocommerce\/product-price\" data-font-size=\"small\" data-is-descendent-of-query-loop=\"true\" data-text-align=\"center\" class=\"wp-block-woocommerce-product-price\"><div class=\"wc-block-components-product-price wc-block-grid__product-price has-text-align-center has-font-size has-small-font-size has-text-align-center\" style=\"\" >\n\t\t\t\t\t\n\t\t\t\t<\/div><\/div>\n\n<div data-block-name=\"woocommerce\/product-button\" data-font-size=\"small\" data-is-descendent-of-query-loop=\"true\" data-text-align=\"center\" class=\"wp-block-button wc-block-components-product-button   align-center wp-block-woocommerce-product-button has-small-font-size\"\n\t\t\t\t\t\n\t\t\t\t>\n\t\t\t\t\t<a\n\t\t\t\t\t\tclass=\"wp-block-button__link wp-element-button wc-block-components-product-button__button product_type_simple has-font-size has-small-font-size has-text-align-center wc-interactive\"\n\t\t\t\t\t\tstyle=\"\"\n\t\t\t\t\t\thref=\"https:\/\/metakocka.shop\/metakocka\/product\/trak-termo-za-pos-tisklanik-80x60x12\/\" rel=\"nofollow\" data-product_id=\"89\" data-product_sku=\"MK-JL-10\" aria-label=\"Preberite si ve\u010d o &ldquo;TRAK TERMO ZA POS TISKLANIK  80X60X12&rdquo;\"\n\t\t\t\t\t\tdata-wp-on--click=\"woocommerce\/product-collection::actions.viewProduct\"\n\t\t\t\t\t>\n\t\t\t\t\t<span >Add to Cart<\/span>\n\t\t\t\t\t<\/a>\n\t\t\t\t\t\n\t\t\t\t<\/div>\n\n\t\t\t\t<\/li><li class=\"wc-block-product post-93 product type-product status-publish has-post-thumbnail product_cat-davcna-blagajna first instock taxable shipping-taxable product-type-simple\"\n\t\t\t\t\t\n\t\t\t\tdata-wp-interactive=\"woocommerce\/product-collection\"\n\t\t\t\tdata-wp-context='{\"productId\":93}'\n\t\t\t\tdata-wp-key=\"product-item-93\"\n\t\t\t\n\t\t\t\t>\n\t\t\t\t\t\n<div data-block-name=\"woocommerce\/product-image\" data-image-sizing=\"thumbnail\" data-is-descendent-of-query-loop=\"true\" data-show-sale-badge=\"false\" class=\"wc-block-components-product-image wc-block-grid__product-image wp-block-woocommerce-product-image\"><a href=\"https:\/\/metakocka.shop\/metakocka\/product\/zebra-ds2208-2d-citalec-crtnih-kod\/\" style=\"\" data-wp-on--click=\"woocommerce\/product-collection::actions.viewProduct\"><img loading=\"lazy\" decoding=\"async\" width=\"300\" height=\"300\" src=\"https:\/\/metakocka.shop\/metakocka\/wp-content\/uploads\/2025\/07\/Zebra_DS2208-300x300.jpg\" class=\"attachment-woocommerce_thumbnail size-woocommerce_thumbnail\" alt=\"Zebra DS2208, 2D \u010ditalec \u010drtnih kod\" data-testid=\"product-image\" data-image-id=\"92\" style=\"max-width:none;object-fit:cover;\" title=\"Zebra_DS2208.jpg\" srcset=\"https:\/\/metakocka.shop\/metakocka\/wp-content\/uploads\/2025\/07\/Zebra_DS2208-300x300.jpg 300w, https:\/\/metakocka.shop\/metakocka\/wp-content\/uploads\/2025\/07\/Zebra_DS2208-100x100.jpg 100w, https:\/\/metakocka.shop\/metakocka\/wp-content\/uploads\/2025\/07\/Zebra_DS2208-150x150.jpg 150w\" sizes=\"auto, (max-width: 300px) 100vw, 300px\" \/><div class=\"wc-block-components-product-image__inner-container\">\n\n<\/div><\/a><\/div>\n\n<h2 style=\"line-height:1.4; margin-bottom:0.75rem;margin-top:0;\" class=\"has-text-align-center wp-block-post-title has-medium-font-size\"><a data-wp-on--click=\"woocommerce\/product-collection::actions.viewProduct\" href=\"https:\/\/metakocka.shop\/metakocka\/product\/zebra-ds2208-2d-citalec-crtnih-kod\/\" target=\"_self\" >Zebra DS2208, 2D \u010ditalec \u010drtnih kod<\/a><\/h2>\n\n<div data-block-name=\"woocommerce\/product-price\" data-font-size=\"small\" data-is-descendent-of-query-loop=\"true\" data-text-align=\"center\" class=\"wp-block-woocommerce-product-price\"><div class=\"wc-block-components-product-price wc-block-grid__product-price has-text-align-center has-font-size has-small-font-size has-text-align-center\" style=\"\" >\n\t\t\t\t\t\n\t\t\t\t<\/div><\/div>\n\n<div data-block-name=\"woocommerce\/product-button\" data-font-size=\"small\" data-is-descendent-of-query-loop=\"true\" data-text-align=\"center\" class=\"wp-block-button wc-block-components-product-button   align-center wp-block-woocommerce-product-button has-small-font-size\"\n\t\t\t\t\t\n\t\t\t\t>\n\t\t\t\t\t<a\n\t\t\t\t\t\tclass=\"wp-block-button__link wp-element-button wc-block-components-product-button__button product_type_simple has-font-size has-small-font-size has-text-align-center wc-interactive\"\n\t\t\t\t\t\tstyle=\"\"\n\t\t\t\t\t\thref=\"https:\/\/metakocka.shop\/metakocka\/product\/zebra-ds2208-2d-citalec-crtnih-kod\/\" rel=\"nofollow\" data-product_id=\"93\" data-product_sku=\"MK-JL-08\" aria-label=\"Preberite si ve\u010d o &ldquo;Zebra DS2208, 2D \u010ditalec \u010drtnih kod&rdquo;\"\n\t\t\t\t\t\tdata-wp-on--click=\"woocommerce\/product-collection::actions.viewProduct\"\n\t\t\t\t\t>\n\t\t\t\t\t<span >Add to Cart<\/span>\n\t\t\t\t\t<\/a>\n\t\t\t\t\t\n\t\t\t\t<\/div>\n\n\t\t\t\t<\/li><li class=\"wc-block-product post-91 product type-product status-publish has-post-thumbnail product_cat-davcna-blagajna product_tag-zd2278 product_tag-zebra-citalec  instock taxable shipping-taxable product-type-simple\"\n\t\t\t\t\t\n\t\t\t\tdata-wp-interactive=\"woocommerce\/product-collection\"\n\t\t\t\tdata-wp-context='{\"productId\":91}'\n\t\t\t\tdata-wp-key=\"product-item-91\"\n\t\t\t\n\t\t\t\t>\n\t\t\t\t\t\n<div data-block-name=\"woocommerce\/product-image\" data-image-sizing=\"thumbnail\" data-is-descendent-of-query-loop=\"true\" data-show-sale-badge=\"false\" class=\"wc-block-components-product-image wc-block-grid__product-image wp-block-woocommerce-product-image\"><a href=\"https:\/\/metakocka.shop\/metakocka\/product\/zebra-ds2278-2d-brezzicni-citalec\/\" style=\"\" data-wp-on--click=\"woocommerce\/product-collection::actions.viewProduct\"><img loading=\"lazy\" decoding=\"async\" width=\"300\" height=\"300\" src=\"https:\/\/metakocka.shop\/metakocka\/wp-content\/uploads\/2025\/07\/ds2278_in_cradle_135-300x300.jpg\" class=\"attachment-woocommerce_thumbnail size-woocommerce_thumbnail\" alt=\"Zebra DS2278, 2D brez\u017ei\u010dni \u010ditalec\" data-testid=\"product-image\" data-image-id=\"90\" style=\"max-width:none;object-fit:cover;\" title=\"ds2278_in_cradle_135.jpg\" srcset=\"https:\/\/metakocka.shop\/metakocka\/wp-content\/uploads\/2025\/07\/ds2278_in_cradle_135-300x300.jpg 300w, https:\/\/metakocka.shop\/metakocka\/wp-content\/uploads\/2025\/07\/ds2278_in_cradle_135-100x100.jpg 100w, https:\/\/metakocka.shop\/metakocka\/wp-content\/uploads\/2025\/07\/ds2278_in_cradle_135-150x150.jpg 150w\" sizes=\"auto, (max-width: 300px) 100vw, 300px\" \/><div class=\"wc-block-components-product-image__inner-container\">\n\n<\/div><\/a><\/div>\n\n<h2 style=\"line-height:1.4; margin-bottom:0.75rem;margin-top:0;\" class=\"has-text-align-center wp-block-post-title has-medium-font-size\"><a data-wp-on--click=\"woocommerce\/product-collection::actions.viewProduct\" href=\"https:\/\/metakocka.shop\/metakocka\/product\/zebra-ds2278-2d-brezzicni-citalec\/\" target=\"_self\" >Zebra DS2278, 2D brez\u017ei\u010dni \u010ditalec<\/a><\/h2>\n\n<div data-block-name=\"woocommerce\/product-price\" data-font-size=\"small\" data-is-descendent-of-query-loop=\"true\" data-text-align=\"center\" class=\"wp-block-woocommerce-product-price\"><div class=\"wc-block-components-product-price wc-block-grid__product-price has-text-align-center has-font-size has-small-font-size has-text-align-center\" style=\"\" >\n\t\t\t\t\t\n\t\t\t\t<\/div><\/div>\n\n<div data-block-name=\"woocommerce\/product-button\" data-font-size=\"small\" data-is-descendent-of-query-loop=\"true\" data-text-align=\"center\" class=\"wp-block-button wc-block-components-product-button   align-center wp-block-woocommerce-product-button has-small-font-size\"\n\t\t\t\t\t\n\t\t\t\t>\n\t\t\t\t\t<a\n\t\t\t\t\t\tclass=\"wp-block-button__link wp-element-button wc-block-components-product-button__button product_type_simple has-font-size has-small-font-size has-text-align-center wc-interactive\"\n\t\t\t\t\t\tstyle=\"\"\n\t\t\t\t\t\thref=\"https:\/\/metakocka.shop\/metakocka\/product\/zebra-ds2278-2d-brezzicni-citalec\/\" rel=\"nofollow\" data-product_id=\"91\" data-product_sku=\"MK-JL-09\" aria-label=\"Preberite si ve\u010d o &ldquo;Zebra DS2278, 2D brez\u017ei\u010dni \u010ditalec&rdquo;\"\n\t\t\t\t\t\tdata-wp-on--click=\"woocommerce\/product-collection::actions.viewProduct\"\n\t\t\t\t\t>\n\t\t\t\t\t<span >Add to Cart<\/span>\n\t\t\t\t\t<\/a>\n\t\t\t\t\t\n\t\t\t\t<\/div>\n\n\t\t\t\t<\/li><\/ul><\/div>\n<\/div>\n<\/div>\n\n\n\n<p><\/p>\n","protected":false},"excerpt":{"rendered":"","protected":false},"author":1,"featured_media":0,"parent":0,"menu_order":0,"comment_status":"closed","ping_status":"closed","template":"","meta":{"footnotes":""},"class_list":["post-118","page","type-page","status-publish","hentry"],"rise-blocks_excerpt":"","_links":{"self":[{"href":"https:\/\/metakocka.shop\/metakocka\/wp-json\/wp\/v2\/pages\/118","targetHints":{"allow":["GET"]}}],"collection":[{"href":"https:\/\/metakocka.shop\/metakocka\/wp-json\/wp\/v2\/pages"}],"about":[{"href":"https:\/\/metakocka.shop\/metakocka\/wp-json\/wp\/v2\/types\/page"}],"author":[{"embeddable":true,"href":"https:\/\/metakocka.shop\/metakocka\/wp-json\/wp\/v2\/users\/1"}],"replies":[{"embeddable":true,"href":"https:\/\/metakocka.shop\/metakocka\/wp-json\/wp\/v2\/comments?post=118"}],"version-history":[{"count":3,"href":"https:\/\/metakocka.shop\/metakocka\/wp-json\/wp\/v2\/pages\/118\/revisions"}],"predecessor-version":[{"id":127,"href":"https:\/\/metakocka.shop\/metakocka\/wp-json\/wp\/v2\/pages\/118\/revisions\/127"}],"wp:attachment":[{"href":"https:\/\/metakocka.shop\/metakocka\/wp-json\/wp\/v2\/media?parent=118"}],"curies":[{"name":"wp","href":"https:\/\/api.w.org\/{rel}","templated":true}]}}