{"id":133,"date":"2025-07-28T18:16:59","date_gmt":"2025-07-28T16:16:59","guid":{"rendered":"https:\/\/metakocka.shop\/metakocka\/?page_id=133"},"modified":"2025-07-28T18:16:59","modified_gmt":"2025-07-28T16:16:59","slug":"svetovanje-in-storitve","status":"publish","type":"page","link":"https:\/\/metakocka.shop\/metakocka\/svetovanje-in-storitve\/","title":{"rendered":"SVETOVANJE IN STORITVE"},"content":{"rendered":"\n<p>Z veseljem vam predstavljamo na\u0161e strokovno<br>svetovanje. Na\u0161e podjetje je ponosno na svojo vlogo kot poobla\u0161\u010deni prodajalec<br>Metakocke, s \u010dastitljivo desetletno zgodovino uspe\u0161nega sodelovanja s celotno<br>ekipo. Zanesljivost, kakovost in odli\u010dnost so temeljne vrednote, ki jih nosimo<br>v vsako sodelovanje.Na\u0161e delovanje je \u0161iroko in raznoliko, saj smo<br>specializirani za zadovoljevanje potreb spletnih trgovin ter razli\u010dnih podjetij<br>v vseh panogah. Na\u0161a strast je omogo\u010diti vam, da se osredoto\u010dite na svoje poslovanje,<br>medtem ko prevzamemo skrb za tehnolo\u0161ko infrastrukturo.Na\u0161a ponudba vklju\u010duje \u0161irok spekter storitev,<br>ki se\u017eejo od pogodbenega vzdr\u017eevanja IT opreme do strokovnega zakupa gostovanja<br>in domen. Ponosno sodelujemo tudi z obla\u010dnimi storitvami Microsoft Office 365,<br>zagotavljamo vzdr\u017eevanje omre\u017eja ter integriramo napredne po\u017earne zidove<br>Stormshield za varnost va\u0161e poslovne infrastrukture.Posebno pozornost namenjamo varnosti in<br>za\u0161\u010diti podatkov v va\u0161em podjetju. Zavzemamo se za u\u010dinkovito implementacijo<br>varnostnih politik ter skrbimo za zanesljivo arhiviranje podatkov, da lahko<br>va\u0161e podjetje deluje z zaupanjem v vsakem trenutku.Na\u0161a ekipa strokovnjakov je pripravljena<br>prisluhniti va\u0161im edinstvenim potrebam in ciljem ter vam ponuditi prilagojene<br>re\u0161itve. Verjamemo, da je vsak podjetnik edinstven, zato je na\u0161 pristop<br>osredoto\u010den na odkrivanje najbolj\u0161ih re\u0161itev, ki se tesno povezujejo z va\u0161im poslovanjem.Sodelovanje z nami pomeni ve\u010d kot le storitve.<br>Pomeni partnerstvo, ki vam omogo\u010da, da se osredoto\u010dite na rast va\u0161ega posla, medtem<br>ko vam nudimo tehnolo\u0161ko oporo, na katero se lahko zanesete. Va\u0161 uspeh je na\u0161<br>uspeh, zato nas kontaktirajte in skupaj bomo oblikovali pot do napredka,<br>varnosti ter optimizacije va\u0161ega poslovanja.Poleg tega ponujamo tudi individualna<br>svetovanja, katerih stro\u0161ke v vi\u0161ini 80\u20ac za polno uro vam v celoti povrnemo v<br>primeru, da se odlo\u010dite za nakup programa Metakocka ali drugih storitev preko<br>na\u0161ega podjetja. Va\u0161a zaupanja vredna odlo\u010ditev si zaslu\u017ei nagrado, in mi smo<br>tu, da vam jo omogo\u010dimo.<\/p>\n\n\n\n<ul id=\"Slider-template--19461815664982__multicolumn-1\" class=\"wp-block-list\"><\/ul>\n","protected":false},"excerpt":{"rendered":"<p>Z veseljem vam predstavljamo na\u0161e strokovnosvetovanje. Na\u0161e podjetje je ponosno na svojo vlogo kot poobla\u0161\u010deni prodajalecMetakocke, s \u010dastitljivo desetletno zgodovino [&hellip;]<\/p>\n","protected":false},"author":1,"featured_media":0,"parent":0,"menu_order":0,"comment_status":"closed","ping_status":"closed","template":"","meta":{"footnotes":""},"class_list":["post-133","page","type-page","status-publish","hentry"],"rise-blocks_excerpt":"Z veseljem vam predstavljamo na\u0161e strokovnosvetovanje. Na\u0161e podjetje je ponosno na svojo vlogo kot poobla\u0161\u010deni prodajalecMetakocke, s \u010dastitljivo desetletno zgodovino uspe\u0161nega sodelovanja s celotnoekipo. Zanesljivost, kakovost in odli\u010dnost so temeljne vrednote, ki jih nosimov vsako sodelovanje.Na\u0161e delovanje je \u0161iroko in raznoliko, saj smospecializirani za zadovoljevanje potreb spletnih trgovin ter razli\u010dnih podjetijv vseh panogah. Na\u0161a strast je omogo\u010diti vam, da se..","_links":{"self":[{"href":"https:\/\/metakocka.shop\/metakocka\/wp-json\/wp\/v2\/pages\/133","targetHints":{"allow":["GET"]}}],"collection":[{"href":"https:\/\/metakocka.shop\/metakocka\/wp-json\/wp\/v2\/pages"}],"about":[{"href":"https:\/\/metakocka.shop\/metakocka\/wp-json\/wp\/v2\/types\/page"}],"author":[{"embeddable":true,"href":"https:\/\/metakocka.shop\/metakocka\/wp-json\/wp\/v2\/users\/1"}],"replies":[{"embeddable":true,"href":"https:\/\/metakocka.shop\/metakocka\/wp-json\/wp\/v2\/comments?post=133"}],"version-history":[{"count":1,"href":"https:\/\/metakocka.shop\/metakocka\/wp-json\/wp\/v2\/pages\/133\/revisions"}],"predecessor-version":[{"id":134,"href":"https:\/\/metakocka.shop\/metakocka\/wp-json\/wp\/v2\/pages\/133\/revisions\/134"}],"wp:attachment":[{"href":"https:\/\/metakocka.shop\/metakocka\/wp-json\/wp\/v2\/media?parent=133"}],"curies":[{"name":"wp","href":"https:\/\/api.w.org\/{rel}","templated":true}]}}