{"id":147,"date":"2025-07-28T18:40:32","date_gmt":"2025-07-28T16:40:32","guid":{"rendered":"https:\/\/metakocka.shop\/metakocka\/?page_id=147"},"modified":"2025-07-28T18:41:05","modified_gmt":"2025-07-28T16:41:05","slug":"varstvo-podatkov","status":"publish","type":"page","link":"https:\/\/metakocka.shop\/metakocka\/varstvo-podatkov\/","title":{"rendered":"Varstvo podatkov"},"content":{"rendered":"\n<p><strong>Varstvo osebnih podatkov<\/strong><\/p>\n\n\n\n<p>V podjetju JRA\u010cUNALNI\u0160KE RE\u0160ITVE, JAN LIPOVAC S.P.&nbsp;obravnavamo varstvo podatkov kot eno klju\u010dnih gradnikov na\u0161ega uspeha. V tem dokumentu vam bomo razlo\u017eili, kako va\u0161e osebne podatke obdelujejo, kako zagotavljamo njihovo varnost in kak\u0161ne imate v zvezi s tem pravice, vse kot to dolo\u010da Splo\u0161na Uredbe o varstvu osebnih podatkov Evropskega parlamenta in sveta 2016\/679 (v nadaljevanju Uredba), v dolo\u010dbah 5., 12. in 13. \u010dlena.<\/p>\n\n\n\n<p><strong>Upravljalec osebnih podatkov<\/strong><\/p>\n\n\n\n<p>Upravljavec osebnih podatkov je podjetje RA\u010cUNALNI\u0160KE RE\u0160ITVE, JAN LIPOVAC S.P.,Velika Slevica 13, 1315 Velike La\u0161\u010de | TRR SI56 3300 0001 1458 407| D\u0160 SI63434318<\/p>\n\n\n\n<p><strong>Veljavnost in uporaba te politike<\/strong><\/p>\n\n\n\n<p>Ta politika zasebnosti in varovanja osebnih podatkov velja za spletno mesto&nbsp;metakocka.shop, (v nadaljevanju: spletno mesto), s katerima upravlja&nbsp;RA\u010cUNALNI\u0160KE RE\u0160ITVE, JAN LIPOVAC S.P.(v nadaljevanju: ponudnik). Ta politika velja za vse uporabnike spletnega mesta.<\/p>\n\n\n\n<p>Z uporabo spletnega mesta uporabnik potrjuje, da razume, sprejema in se strinja z vsemi dolo\u010dili te politike zasebnosti in varovanja osebnih podatkov.<\/p>\n\n\n\n<p>Ta politika se lahko kadarkoli spremeni ali dopolni brez opozorila ali obvestila. Z uporabo spletnega mesta po spremembi te politike uporabnik potrjuje, da se strinja s spremembami<\/p>\n\n\n\n<p>Katere podatke o uporabnikih zbira ponudnik<\/p>\n\n\n\n<p>Osebne in druge podatke o uporabnikih zbira ponudnik preko spletnega mesta oziroma z njegovo pomo\u010djo.<\/p>\n\n\n\n<p><strong>Vrsta podatkov, ki jih ponudbnik zbira o uporabniku:<\/strong><\/p>\n\n\n\n<ul class=\"wp-block-list\">\n<li>Ime<\/li>\n\n\n\n<li>Priimek<\/li>\n\n\n\n<li>E-po\u0161tni naslov<\/li>\n\n\n\n<li>Telefonska \u0161tevilka<\/li>\n\n\n\n<li>Spol<\/li>\n\n\n\n<li>Ulica in hi\u0161na \u0161tevilka<\/li>\n\n\n\n<li>\u0160tevilka po\u0161te in kraj<\/li>\n\n\n\n<li>Dr\u017eava bivanja<\/li>\n\n\n\n<li>Ime podjetja<\/li>\n\n\n\n<li>Uporabni\u0161ko ime<\/li>\n\n\n\n<li>Geslo<\/li>\n<\/ul>\n\n\n\n<p><strong>Kje in kako se zbirajo podatki:<\/strong><\/p>\n\n\n\n<ul class=\"wp-block-list\">\n<li>Ob registraciji uporabnika za uporabo spletne platforme in z njo povezanih storitev<\/li>\n\n\n\n<li>Ob izpolnitvi kontaktnega obrazca<\/li>\n\n\n\n<li>Ob registraciji uporabnika za uporabo spletne trgovine\u00a0metakocka.shop<\/li>\n\n\n\n<li>Ob prijavi za sodelovanje v nagradnih igrah<\/li>\n\n\n\n<li>Ob anketnih vpra\u0161alnikih objavljenih na spletnem mestu ali vklju\u010denih v e-po\u0161to<\/li>\n<\/ul>\n\n\n\n<p><strong>Namen uporabe zbranih podatkov:<\/strong><\/p>\n\n\n\n<ul class=\"wp-block-list\">\n<li>po\u0161iljanje e-novic, strokovnih \u010dlankov in drugih vsebin v zvezi s spletnim mestom na vpisani e-po\u0161tni naslov<\/li>\n\n\n\n<li>priznavanje ugodnosti, popustov ipd. v zvezi s ponudnikovimi proizvodi in storitvami za naro\u010dnike na e-novice<\/li>\n\n\n\n<li>evidentiranje potencialnih naro\u010dnikov<\/li>\n\n\n\n<li>priprava ponudbe in po\u0161iljanje ponudbe na vpisani e-po\u0161tni naslov<\/li>\n\n\n\n<li>segmentacija uporabnikov (demografska, geografska, itd\u2026)<\/li>\n<\/ul>\n\n\n\n<p><strong>Obdelava podatkov<\/strong><\/p>\n\n\n\n<p>Nekatere va\u0161e podatke moramo posredovati drugim upravljavcem osebnih podatkov. Ti so predvsem ponudniki razli\u010dnih pla\u010dilnih storitev (banke, PayPal ipd..). Druga skupina upravljavcev so transportna podjetja, ki poskrbijo, da izdelek pride na va\u0161 naslov.<\/p>\n\n\n\n<p>Zaradi organizacije dela potrebujemo tudi podizvajalce, ki za nas opravljajo dolo\u010dene storitve. Te so predvsem spletno gostovanje, nekatere spletne storitve ipd.. Z vsemi temi podizvajalci imamo sklenjene pogodbe o obdelavi osebnih podatkov iz 28. \u010dlena GDPR.<\/p>\n\n\n\n<p>Podatki se posredujejo tudi dr\u017eavnih organom, \u010de podatke zahtevajo. Njim se podatki posredujejo, \u010de za to obstoji veljavna pravna podlaga, kar pomeni, da ima ta organ pravico zahtevati podatke od nas in to zahteva na ustrezen na\u010din \u2013 pisno.<\/p>\n\n\n\n<p>Ponudnik zbranih podatkov ne bo posredoval tretjim osebam, razen, \u010de bo za to obstajala zakonita podlaga (npr. zahteve sodi\u0161\u010d ali drugih organov ipd.).<\/p>\n\n\n\n<p>Uporabnik je seznanjen in sogla\u0161a, da lahko ponudnik posamezna opravila v zvezi z zbranimi podatki zaupa tretjim osebam (pogodbeni obdelovalci). Tretje osebe lahko zaupane podatke obdelujejo izklju\u010dno v mejah ponudnikovega pooblastila in skladno z nameni, ki so opredeljeni v rubriki \u201cKatere podatke o uporabnikih zbira ponudnik\u201d te politike.<\/p>\n\n\n\n<p><strong>Varovanje podatkov in \u010das hrambe<\/strong><\/p>\n\n\n\n<p>Ponudnik vse podatke o uporabnikih varuje skladno s to politiko in z zahtevami za zavarovanje osebnih podatkov, ki jih dolo\u010da zakonodaja Republike Slovenije in predpisi Evropske unije. Ponudnik redno izvaja varnostno kopiranje podatkov.<\/p>\n\n\n\n<p>Podatke o registraciji v spletno trgovino hranimo \u0161e 5 let po zadnji prijavi.<\/p>\n\n\n\n<p>Podatke o preteklih nakupih hranimo vse dokler imate pri nas odprt ra\u010dun. Ko ra\u010dun na spletni trgovini zaprete, oz. po poteku 5 let od zadnje prijave v spletno trgovino, podatke o va\u0161em ra\u010dunu zbri\u0161emo. Podatke o neposrednem tr\u017eenju, torej o podanem soglasju in uporabo katerih kanalov ste pri tem dovolili, hranimo \u0161e dve leti po poteku leta, v katerem ste soglasje celoti preklicali.<\/p>\n\n\n\n<p>Ostale podatke se lahko hrani, dokler je to nujno potrebno za dosego namena, za katerega so bili podatki zbrani, nato pa jih mora trajno izbrisati ali u\u010dinkovito anonimizirati, tako da dolo\u010denega podatka ni ve\u010d mogo\u010de povezati z dolo\u010denim uporabnikom.<\/p>\n\n\n\n<p><strong>Pravice uporabnikov<\/strong><\/p>\n\n\n\n<p>Ponudnik bo uporabniku, ki je ob registraciji ali kasneje izrazil \u017eeljo po prejemanju ponudnikovih elektronskih sporo\u010dil, kadarkoli omogo\u010dil, da se na razumljiv in enostaven na\u010din od prejemanja odjavi.<\/p>\n\n\n\n<p>Uporabnik lahko kadarkoli spremeni ali dopolni svoje osebne podatke, kar stori na spletnem mestu ali pa tako, da ponudniku po\u0161lje e-sporo\u010dilo na&nbsp;info@racunalniske-resitve.com.<\/p>\n\n\n\n<p>Uporabnik lahko od ponudnika z zahtevo, ki jo po\u0161lje na&nbsp;info@racunalniske-resitve.com, zahteva, da ponudnik dopolni ali popravi podatke, ki se nana\u0161ajo nanj in ki so nepopolni ali napa\u010dni.<\/p>\n\n\n\n<p>Uporabnik lahko z zahtevo, ki jo po\u0161lje na&nbsp;info@racunalniske-resitve.com, zahteva, da mu ponudnik potrdi, ali zbira in ali obdeluje podatke, ki se nana\u0161ajo na uporabnika, ter katere podatke zbira in obdeluje. Zahteva se lahko poda enkrat vsake 3 mesece.<\/p>\n\n\n\n<p>Uporabnik lahko z zahtevo, ki jo po\u0161lje na&nbsp;info@racunalniske-resitve.com, zahteva, da mu ponudnik po\u0161lje elektronsko kopijo podatkov, ki se nana\u0161ajo na uporabnika. Zahteva se lahko poda enkrat vsake 3 mesece. Ponudnik ima pred posredovanjem kopije podatkov pravico od uporabnika zahtevati, da na primeren na\u010din doka\u017ee svojo istovetnost. \u010ce ponudnik tudi po tem dvomi o istovetnosti uporabnika, lahko njegovo zahtevo zavrne.<\/p>\n\n\n\n<p>Uporabnik lahko z zahtevo, ki jo po\u0161lje na&nbsp;info@racunalniske-resitve.com, zahteva, da ponudnik trajno izbri\u0161e vse podatke, ki se nana\u0161ajo nanj. Ponudnik ima pred izbrisom podatkov pravico od uporabnika zahtevati, da na primeren na\u010din doka\u017ee svojo istovetnost. \u010ce ponudnik tudi po tem dvomi o istovetnosti uporabnika, lahko njegovo zahtevo zavrne.<\/p>\n\n\n\n<p><strong>Izklju\u010ditev odgovornosti<\/strong><\/p>\n\n\n\n<p>Ponudnik ne odgovarja za \u0161kodo, ki bi uporabniku nastala, ker je ponudniku pri posredoval napa\u010dne, la\u017ene, nepopolne ali nea\u017eurne podatke, ki se nana\u0161ajo na uporabnika.<\/p>\n\n\n\n<p>Ponudnik ne odgovarja za \u0161kodo, ki bi uporabniku nastala, ker so se z njegovimi podatki brez izrecnega soglasja ali dovoljenja ponudnika in kljub ponudnikovi obi\u010dajni skrbnosti seznanile ali jih pridobile ali spremenile ali druga\u010de obdelale nepoobla\u0161\u010dene tretje osebe.<\/p>\n\n\n\n<p>Ponudnik v nobenem primeru, tudi \u010de sicer ni ravnal z obi\u010dajno skrbnostjo, ne odgovarja za \u0161kodo, ki bi uporabniku nastala zaradi primerov iz prej\u0161njega odstavka te to\u010dke, \u010de je tak primer posledica dejstva, da uporabnik ni skrbno varoval podatkov, ki so potrebni za dostop do dolo\u010denih delov spletnega mesta (uporabni\u0161ko ime in geslo). Uporabnik je izklju\u010dno sam odgovoren za varovanje podatkov, ki so potrebni za dostop do dolo\u010denih delov spletnega mesta (uporabni\u0161ko ime in geslo).<\/p>\n\n\n\n<p>O vsakem sumu zlorabe svojih osebnih podatkov ali podatkov, ki so potrebni za dostop do dolo\u010denih delov spletnega mesta (uporabni\u0161ko ime in geslo) ali ob sumu nepoobla\u0161\u010dene seznanitve s temi podatki, je dol\u017ean uporabnik nemudoma obvestiti ponudnika.<\/p>\n\n\n\n<p>Kadar je med ponudnikom in uporabnikom vzpostavljen pogodbeni odnos, v vsakem primeru glede izklju\u010ditev in omejitev odgovornosti ponudnika veljajo dolo\u010dbe, ki urejajo ta odnos (pogodba, splo\u0161ni pogoji ipd.).<\/p>\n\n\n\n<p><strong>Pravice uporabnika spletne strani<\/strong><\/p>\n\n\n\n<p>Imate vse pravice, ki jih predvideva Uredba v dolo\u010dbah od 15. do 20. \u010dlena. Skladno s prej navedenim imate pravico, da od nas kot upravljavca zahtevate dostop do osebnih podatkov (15. \u010dlen ), njih popravek (16. \u010dlen), izbris osebnih podatkov (17. \u010dlen) omejitev obdelave (18. \u010dlen), pravico do ugovora obdelavi (21. \u010dlen) ter pravico do prenosljivosti podatkov (20. \u010dlen).<\/p>\n\n\n\n<p>Te pravice uveljavljate tako, da po\u0161ljete e-po\u0161tno sporo\u010dilo na naslov&nbsp;info@dracunalniske-resitve.com. V zakonitem roku (30 dni od prejema popolne vloge) bomo preverili, ali izpolnjujete pogoje za uveljavljanje pravice in vas o odlo\u010ditvi obvestili.<\/p>\n\n\n\n<p>Pravica vlo\u017eiti prito\u017ebo<\/p>\n\n\n\n<p>Kadarkoli lahko vlo\u017eite prito\u017ebo v zvezi z obdelavo osebnih podatkov pri nadzornem organu Sloveniji, to je Informacijski Poobla\u0161\u010denec, z naslovom Dunajska 22, 1000 Ljubljana.<\/p>\n\n\n\n<p><strong>Kon\u010dne dolo\u010dbe<\/strong><\/p>\n\n\n\n<p>Neveljavnost katerekoli dolo\u010dbe te politike, ne glede na razlog neveljavnosti, ne pomeni neveljavnosti te politike kot celote. V takem primeru se neveljavna dolo\u010dba \u0161teje za nezapisano, ta politika pa velja naprej brez te dolo\u010dbe.<\/p>\n\n\n\n<p>Za pravna razmerja med uporabniki in ponudnikom se uporablja pravo Republike Slovenije in pravo Evropskih skupnosti. Za re\u0161evanje morebitnih sporov je pristojno stvarno pristojno sodi\u0161\u010de v Ljubljani, Republika Slovenija.<\/p>\n\n\n\n<p><strong>Pi\u0161kotki<\/strong><\/p>\n\n\n\n<p>Pi\u0161kotki so majhne datoteke z informacijami, ki se za\u010dasno shranijo na va\u0161 ra\u010dunalnik. Ko se pi\u0161kotki namestijo na va\u0161 ra\u010dunalnik, o tem niste obve\u0161\u010deni. Glavni namen pi\u0161kotkov je, da spletni stre\u017eniki prepoznajo va\u0161 ra\u010dunalnik in spletni brskalnik, prilagodijo spletno stran ter poskrbijo za enostavnost in hitrost. Pi\u0161kotki nam omogo\u010dijo, da vam prika\u017eemo pravilne informacije, ki jih i\u0161\u010dete in vas zanimajo. Z zbiranjem in pomnjenjem informacij o va\u0161ih nastavitvah spletnega mesta s pomo\u010djo pi\u0161kotkov lahko zagotovimo bolj\u0161o spletno stran in tr\u017eenjske izku\u0161nje. Pi\u0161kotki nam ne dajejo dostopa do ra\u010dunalnika in podatki, ki jih zbiramo preko pi\u0161kotkov, ne vklju\u010dujejo osebnih podatkov.<\/p>\n\n\n\n<p>Za potrebe spletnega mesta&nbsp;metakocka.shop uporabljamo naslednje pi\u0161kotke:<\/p>\n\n\n\n<p>Nujno potrebni pi\u0161kotki za delovanje spletne strani:<\/p>\n\n\n\n<p><strong>Sejni pi\u0161kotek<\/strong><\/p>\n\n\n\n<p>Nujen za delovanje sistema za urejanje in prikaz vsebin. Ta pi\u0161kotek skrbi za pravilen sprejem elektronskih sporo\u010dil in vsebin na spletni strani. Pi\u0161kotek se izbri\u0161e, ko uporabnik odide s spletne strani.<\/p>\n\n\n\n<p><strong>Cludflare Cookie<\/strong><\/p>\n\n\n\n<p>Je namenjen storitvam Cloudflare CDN mre\u017ee za pohitritev dostopa do stre\u017enika. Ve\u010d si preberite&nbsp;<a href=\"https:\/\/support.cloudflare.com\/entries\/22437336-What-does-the-CloudFlare-cfduid-cookie-do-\">tukaj<\/a>.<\/p>\n\n\n\n<p>Pi\u0161kotki tretjih strani<\/p>\n\n\n\n<p><strong>Google Analytics<\/strong><\/p>\n\n\n\n<p>S pomo\u010djo teh pi\u0161kotkov bele\u017eimo statistiko obiskovalcev. Ti pi\u0161kotki ne vsebujejo nobenih osebnih informacij, slu\u017eijo le za zagotavljanje unikatnosti obiskov. Ve\u010d o Google Analytics pi\u0161kotkih, njihovem namenu in trajanju si lahko preberete na spletni strani<\/p>\n\n\n\n<p><a href=\"https:\/\/developers.google.com\/analytics\/devguides\/collection\/analyticsjs\/cookie-usage\">https:\/\/developers.google.com\/analytics\/devguides\/collection\/analyticsjs\/cookie-usage<\/a><\/p>\n\n\n\n<p>\u010ce \u017eelite blokirati le storitve Google Analytics,&nbsp;<a href=\"https:\/\/tools.google.com\/dlpage\/gaoptout\">to lahko storite na tej spletni strani<\/a>.<\/p>\n\n\n\n<p><strong>Facebook<\/strong><\/p>\n\n\n\n<p>Omenjeni pi\u0161kotki se uporabljajo za delovanje vti\u010dnikov omre\u017eja Facebook. Za ve\u010d informacij o shranjevanju in uporabi pridobljenih informacij preberite&nbsp;<a href=\"https:\/\/www.facebook.com\/help\/cookies\">https:\/\/www.facebook.com\/help\/cookies<\/a><\/p>\n\n\n\n<p><strong>Kako upravljati s pi\u0161kotki?<\/strong><\/p>\n\n\n\n<p>Ve\u010dina spletnih brskalnikov omogo\u010da, da nastavite va\u0161e pi\u0161kote. Pi\u0161kotke lahko zavrnete ali jih sprejmete s funkcijo, vgrajeno v spletne brskalnike. \u010ce pi\u0161kotke zavrnete, lahko naprej uporabljate na\u0161o spletno stran, vendar dolo\u010dene podstrani ne bodo delovale. V nadaljevanju se nahajajo povezave do navodil, kako lahko izklju\u010dite pi\u0161kotke na va\u0161em spletnem brskalniku.<\/p>\n\n\n\n<ul class=\"wp-block-list\">\n<li><a href=\"http:\/\/support.mozilla.org\/en-US\/kb\/cookies-information-websites-store-on-your-computer?redirectlocale=en-US&amp;redirectslug=Cookies\">MOZILLA FIREFOX<\/a><\/li>\n\n\n\n<li><a href=\"http:\/\/support.microsoft.com\/kb\/196955\">INTERNET EXPLORER<\/a><\/li>\n\n\n\n<li><a href=\"https:\/\/support.google.com\/chrome\/bin\/answer.py?hl=en&amp;answer=95647\">CHROME<\/a><\/li>\n\n\n\n<li><a href=\"http:\/\/support.apple.com\/kb\/PH5042\">SAFARI<\/a><\/li>\n<\/ul>\n\n\n\n<p>POMEMBNO! Pi\u0161kotki so datoteke na va\u0161em ra\u010dunalniku. Da bi odstranili pi\u0161kotke, preverite zgornje povezave za navodila, kako v va\u0161em brskalniku izbri\u0161ete pi\u0161kotke.<\/p>\n","protected":false},"excerpt":{"rendered":"<p>Varstvo osebnih podatkov V podjetju JRA\u010cUNALNI\u0160KE RE\u0160ITVE, JAN LIPOVAC S.P.&nbsp;obravnavamo varstvo podatkov kot eno klju\u010dnih gradnikov na\u0161ega uspeha. V tem [&hellip;]<\/p>\n","protected":false},"author":1,"featured_media":0,"parent":0,"menu_order":0,"comment_status":"closed","ping_status":"closed","template":"","meta":{"footnotes":""},"class_list":["post-147","page","type-page","status-publish","hentry"],"rise-blocks_excerpt":"Varstvo osebnih podatkov V podjetju JRA\u010cUNALNI\u0160KE RE\u0160ITVE, JAN LIPOVAC S.P.&nbsp;obravnavamo varstvo podatkov kot eno klju\u010dnih gradnikov na\u0161ega uspeha. V tem dokumentu vam bomo razlo\u017eili, kako va\u0161e osebne podatke obdelujejo, kako zagotavljamo njihovo varnost in kak\u0161ne imate v zvezi s tem pravice, vse kot to dolo\u010da Splo\u0161na Uredbe o varstvu osebnih podatkov Evropskega parlamenta in sveta 2016\/679 (v nadaljevanju Uredba), v..","_links":{"self":[{"href":"https:\/\/metakocka.shop\/metakocka\/wp-json\/wp\/v2\/pages\/147","targetHints":{"allow":["GET"]}}],"collection":[{"href":"https:\/\/metakocka.shop\/metakocka\/wp-json\/wp\/v2\/pages"}],"about":[{"href":"https:\/\/metakocka.shop\/metakocka\/wp-json\/wp\/v2\/types\/page"}],"author":[{"embeddable":true,"href":"https:\/\/metakocka.shop\/metakocka\/wp-json\/wp\/v2\/users\/1"}],"replies":[{"embeddable":true,"href":"https:\/\/metakocka.shop\/metakocka\/wp-json\/wp\/v2\/comments?post=147"}],"version-history":[{"count":2,"href":"https:\/\/metakocka.shop\/metakocka\/wp-json\/wp\/v2\/pages\/147\/revisions"}],"predecessor-version":[{"id":149,"href":"https:\/\/metakocka.shop\/metakocka\/wp-json\/wp\/v2\/pages\/147\/revisions\/149"}],"wp:attachment":[{"href":"https:\/\/metakocka.shop\/metakocka\/wp-json\/wp\/v2\/media?parent=147"}],"curies":[{"name":"wp","href":"https:\/\/api.w.org\/{rel}","templated":true}]}}