{"id":151,"date":"2025-07-28T18:46:04","date_gmt":"2025-07-28T16:46:04","guid":{"rendered":"https:\/\/metakocka.shop\/metakocka\/?page_id=151"},"modified":"2025-07-28T18:46:04","modified_gmt":"2025-07-28T16:46:04","slug":"o-nas","status":"publish","type":"page","link":"https:\/\/metakocka.shop\/metakocka\/o-nas\/","title":{"rendered":"O nas"},"content":{"rendered":"\n<p>Dobrodo\u0161li v na\u0161i specializirani spletni trgovini, kjer se posve\u010damo ponudbi vrhunske opreme, ki je popolnoma usklajena z uporabo programa Metakocka. Na\u0161a trgovina je zasnovana z mislijo na vas &#8211; podjetnike in organizacije, ki i\u0161\u010dete zanesljivo, visokokakovostno opremo, ki je popolnoma kompatibilna z METAKOCKO programom za enostavno poslovanje.<\/p>\n\n\n\n<p>Vsak artikel, ki ga ponujamo, je temeljito izbran in preverjen, da zagotavlja brezhibno delovanje v kombinaciji s programom Metakocka. Na\u0161 cilj je zagotoviti, da boste imeli pri roki le najbolj\u0161o opremo, ki vam omogo\u010da nemoteno in u\u010dinkovito opravljanje poslovnih dejavnosti.<\/p>\n\n\n\n<p>Na\u0161a ponudba vklju\u010duje razli\u010dne artikle, kot so POS tiskalniki, \u010ditalniki \u010drtnih kod, mobilni terminali, dodatna oprema in \u0161e ve\u010d. Vsak opis artikla je skrbno pripravljen, da vam omogo\u010di natan\u010den vpogled v njegove lastnosti, zmogljivosti in prednosti za va\u0161e poslovanje.<\/p>\n\n\n\n<p>Poleg tega vam nudimo tudi individualna svetovanja, kjer vam na\u0161a strokovna ekipa pomaga izbrati najbolj\u0161o opremo za va\u0161e specifi\u010dne potrebe. Na\u0161e svetovanje je usmerjeno v zagotavljanje celovitih re\u0161itev, ki bodo optimizirale va\u0161e poslovne procese in pripomogle k va\u0161emu uspehu.<\/p>\n\n\n\n<p>Ko se odlo\u010dite za nakup artikla iz na\u0161e ponudbe, pridobite zagotovilo, da boste prejeli opremo, ki je popolnoma zdru\u017eljiva z METAKOCKO programom. Poleg tega vam ponujamo tudi dodatne ugodnosti. Pri individualnih svetovanjih vam nudimo strokovno podporo, pri \u010demer vam stro\u0161ke svetovanja v celoti povrnemo v primeru, da se odlo\u010dite za nakup programa Metakocka ali drugih storitev pri nas.<\/p>\n\n\n\n<p>Va\u0161 poslovni uspeh je na\u0161a prednostna skrb. Zato vas vabimo, da raziskujete na\u0161o ponudbo, se posvetite opisom artiklov in izkoristite prednosti, ki jih ponujajo na\u0161e storitve in oprema. V primeru vpra\u0161anj ali potrebe po dodatnih informacijah smo vedno dosegljivi preko e-po\u0161te, pripravljeni odgovoriti na vsako vpra\u0161anje in vam pomagati pri izbiri opreme, ki bo izpolnila va\u0161a pri\u010dakovanja in zahteve.<\/p>\n\n\n\n<p>Poudarjamo, da smo ponosni poobla\u0161\u010den partner podjetja Metakocka d.o.o., kar zagotavlja na\u0161o zavezanost k odli\u010dnosti in skrbno izbranim re\u0161itvam za va\u0161e poslovanje.<\/p>\n","protected":false},"excerpt":{"rendered":"<p>Dobrodo\u0161li v na\u0161i specializirani spletni trgovini, kjer se posve\u010damo ponudbi vrhunske opreme, ki je popolnoma usklajena z uporabo programa Metakocka. [&hellip;]<\/p>\n","protected":false},"author":1,"featured_media":0,"parent":0,"menu_order":0,"comment_status":"closed","ping_status":"closed","template":"","meta":{"footnotes":""},"class_list":["post-151","page","type-page","status-publish","hentry"],"rise-blocks_excerpt":"Dobrodo\u0161li v na\u0161i specializirani spletni trgovini, kjer se posve\u010damo ponudbi vrhunske opreme, ki je popolnoma usklajena z uporabo programa Metakocka. Na\u0161a trgovina je zasnovana z mislijo na vas &#8211; podjetnike in organizacije, ki i\u0161\u010dete zanesljivo, visokokakovostno opremo, ki je popolnoma kompatibilna z METAKOCKO programom za enostavno poslovanje. Vsak artikel, ki ga ponujamo, je temeljito izbran in preverjen, da zagotavlja brezhibno..","_links":{"self":[{"href":"https:\/\/metakocka.shop\/metakocka\/wp-json\/wp\/v2\/pages\/151","targetHints":{"allow":["GET"]}}],"collection":[{"href":"https:\/\/metakocka.shop\/metakocka\/wp-json\/wp\/v2\/pages"}],"about":[{"href":"https:\/\/metakocka.shop\/metakocka\/wp-json\/wp\/v2\/types\/page"}],"author":[{"embeddable":true,"href":"https:\/\/metakocka.shop\/metakocka\/wp-json\/wp\/v2\/users\/1"}],"replies":[{"embeddable":true,"href":"https:\/\/metakocka.shop\/metakocka\/wp-json\/wp\/v2\/comments?post=151"}],"version-history":[{"count":1,"href":"https:\/\/metakocka.shop\/metakocka\/wp-json\/wp\/v2\/pages\/151\/revisions"}],"predecessor-version":[{"id":152,"href":"https:\/\/metakocka.shop\/metakocka\/wp-json\/wp\/v2\/pages\/151\/revisions\/152"}],"wp:attachment":[{"href":"https:\/\/metakocka.shop\/metakocka\/wp-json\/wp\/v2\/media?parent=151"}],"curies":[{"name":"wp","href":"https:\/\/api.w.org\/{rel}","templated":true}]}}