{"id":105,"date":"2025-07-28T17:14:47","date_gmt":"2025-07-28T15:14:47","guid":{"rendered":"https:\/\/metakocka.shop\/metakocka\/product\/dt50-polnilni-podstavek\/"},"modified":"2025-07-28T17:25:42","modified_gmt":"2025-07-28T15:25:42","slug":"dt50-polnilni-podstavek","status":"publish","type":"product","link":"https:\/\/metakocka.shop\/metakocka\/product\/dt50-polnilni-podstavek\/","title":{"rendered":"DT50 polnilni podstavek"},"content":{"rendered":"<p data-mce-fragment=\"1\"><span data-mce-fragment=\"1\">DT50 polnilni podstavek za GUN grip je izjemen dodatek, ki omogo\u010da enostavno polnjenje va\u0161ega DT50X industrijskega Android mobilnega terminala s prilo\u017eenim DT50 dr\u017ealom s spro\u017eilcem &#8211; GunGrip. Ta polnilni podstavek je namenjen izbolj\u0161anju funkcionalnosti in prakti\u010dnosti va\u0161ega mobilnega terminala ter zagotavlja, da je vedno pripravljen za uporabo.<\/span><\/p>\n<p data-mce-fragment=\"1\"><span data-mce-fragment=\"1\">Podstavek omogo\u010da hkratno polnjenje va\u0161ega DT50X terminala in pritrjenega dr\u017eala s spro\u017eilcem &#8211; GunGrip, kar vam omogo\u010da, da imate terminal vedno napolnjen in pripravljen za delo. To je \u0161e posebej pomembno v okoljih, kjer je mobilnost klju\u010dnega pomena in kjer se pogosto izvajajo naloge, ki zahtevajo hitro in natan\u010dno skeniranje \u010drtnih kod ter zajemanje podatkov.<\/span><\/p>\n<p data-mce-fragment=\"1\"><span data-mce-fragment=\"1\">DT50 polnilni podstavek za GUN grip je enostaven za uporabo, saj preprosto postavite terminal s pritrjenim dr\u017ealom na podstavek in za\u010dne se postopek polnjenja. To vam omogo\u010da, da se izognete nepotrebnemu zapravljanju \u010dasa z iskanjem ustrezne napajalne enote in kabla ter zagotavlja, da je va\u0161 terminal vedno pripravljen za delo.<\/span><\/p>\n<p data-mce-fragment=\"1\"><span data-mce-fragment=\"1\">Ta dodatek je \u0161e ena stopnica k ve\u010dji u\u010dinkovitosti, zanesljivosti in udobju pri uporabi va\u0161ega DT50X terminala. Ne glede na to, ali delate v prodajnih, logisti\u010dnih ali skladi\u0161\u010dnih okoljih, bo DT50 polnilni podstavek za GUN grip pripomogel k bolj\u0161i organizaciji va\u0161ega dela in optimizaciji uporabe terminala v vsakodnevnih operacijah.<\/span><\/p>","protected":false},"excerpt":{"rendered":"<p>DT50 polnilni podstavek za GUN grip je izjemen dodatek, ki omogo\u010da enostavno polnjenje va\u0161ega DT50X industrijskega Android mobilnega terminala s [&hellip;]<\/p>\n","protected":false},"featured_media":104,"comment_status":"open","ping_status":"closed","template":"","meta":[],"product_brand":[],"product_cat":[29],"product_tag":[36],"class_list":{"0":"post-105","1":"product","2":"type-product","3":"status-publish","4":"has-post-thumbnail","6":"product_cat-oprema-za-odpremo-in-prejem","7":"product_tag-polnilni-podstavek","9":"first","10":"instock","11":"taxable","12":"shipping-taxable","13":"purchasable","14":"product-type-simple"},"wc_booster_product_categories":[{"id":29,"name":"Oprema za odpremo in prejem"}],"wc_booster_product_price":"<span class=\"woocommerce-Price-amount amount\"><bdi>78,08&nbsp;<span class=\"woocommerce-Price-currencySymbol\">&euro;<\/span><\/bdi><\/span>","wc_booster_product_rating":"","wc_booster_product_banner_img":false,"wc_booster_product_reviews":[],"wc_booster_product_stock_data":{"manage_stock":true,"total_stock":10,"sold_stock":0},"_links":{"self":[{"href":"https:\/\/metakocka.shop\/metakocka\/wp-json\/wp\/v2\/product\/105","targetHints":{"allow":["GET"]}}],"collection":[{"href":"https:\/\/metakocka.shop\/metakocka\/wp-json\/wp\/v2\/product"}],"about":[{"href":"https:\/\/metakocka.shop\/metakocka\/wp-json\/wp\/v2\/types\/product"}],"replies":[{"embeddable":true,"href":"https:\/\/metakocka.shop\/metakocka\/wp-json\/wp\/v2\/comments?post=105"}],"wp:featuredmedia":[{"embeddable":true,"href":"https:\/\/metakocka.shop\/metakocka\/wp-json\/wp\/v2\/media\/104"}],"wp:attachment":[{"href":"https:\/\/metakocka.shop\/metakocka\/wp-json\/wp\/v2\/media?parent=105"}],"wp:term":[{"taxonomy":"product_brand","embeddable":true,"href":"https:\/\/metakocka.shop\/metakocka\/wp-json\/wp\/v2\/product_brand?post=105"},{"taxonomy":"product_cat","embeddable":true,"href":"https:\/\/metakocka.shop\/metakocka\/wp-json\/wp\/v2\/product_cat?post=105"},{"taxonomy":"product_tag","embeddable":true,"href":"https:\/\/metakocka.shop\/metakocka\/wp-json\/wp\/v2\/product_tag?post=105"}],"curies":[{"name":"wp","href":"https:\/\/api.w.org\/{rel}","templated":true}]}}