{"id":107,"date":"2025-07-28T17:14:48","date_gmt":"2025-07-28T15:14:48","guid":{"rendered":"https:\/\/metakocka.shop\/metakocka\/product\/2dt50-drzalo-s-sprozilcem-gungrip\/"},"modified":"2025-07-28T17:25:17","modified_gmt":"2025-07-28T15:25:17","slug":"2dt50-drzalo-s-sprozilcem-gungrip","status":"publish","type":"product","link":"https:\/\/metakocka.shop\/metakocka\/product\/2dt50-drzalo-s-sprozilcem-gungrip\/","title":{"rendered":"2DT50 dr\u017ealo s spro\u017eilcem &#8220;GunGrip&#8221;"},"content":{"rendered":"<p data-mce-fragment=\"1\"><span data-mce-fragment=\"1\">T50 dr\u017ealo s spro\u017eilcem &#8211; GunGrip je odli\u010den dodatek, ki nadgrajuje funkcionalnost va\u0161ega DT50X industrijskega Android mobilnega terminala. To dr\u017ealo je posebej zasnovano za uporabo v zahtevnih okoljih, kjer potrebujete dodatno stabilnost in enostavno uporabo.<\/span><\/p>\n<p data-mce-fragment=\"1\"><span data-mce-fragment=\"1\">Z edinstvenim spro\u017eilcem v obliki strelca omogo\u010da DT50X terminalu, da ga enostavno dr\u017eite kot pi\u0161tolo, kar pove\u010duje udobje in stabilnost med uporabo. To je izjemno koristno v situacijah, kjer je potrebno hitro in natan\u010dno skeniranje \u010drtnih kod ali zajemanje podatkov.<\/span><\/p>\n<p data-mce-fragment=\"1\"><span data-mce-fragment=\"1\">DT50 dr\u017ealo s spro\u017eilcem &#8211; GunGrip je zasnovano tako, da se popolnoma prilega terminalu, omogo\u010da enostaven dostop do vseh kontrol in funkcij ter zagotavlja varno namestitev. Ta dodatek je posebej koristen pri uporabi terminala v prodajnih okoljih, logistiki, skladi\u0161\u010dih in drugih dejavnostih, kjer je potrebna mobilnost in hitra akcija.<\/span><\/p>\n<p data-mce-fragment=\"1\"><span data-mce-fragment=\"1\">Z dodatkom GunGrip lahko \u0161e izbolj\u0161ate uporabni\u0161ko izku\u0161njo in produktivnost va\u0161ega DT50X terminala. Dopolnjuje njegovo zmogljivost in omogo\u010da u\u010dinkovito ter enostavno uporabo v razli\u010dnih scenarijih. Ne glede na va\u0161o dejavnost, bo DT50 dr\u017ealo s spro\u017eilcem &#8211; GunGrip doprineslo k bolj\u0161i ergonomiji in funkcionalnosti va\u0161ega mobilnega terminala.<\/span><\/p>","protected":false},"excerpt":{"rendered":"<p>T50 dr\u017ealo s spro\u017eilcem &#8211; GunGrip je odli\u010den dodatek, ki nadgrajuje funkcionalnost va\u0161ega DT50X industrijskega Android mobilnega terminala. To dr\u017ealo [&hellip;]<\/p>\n","protected":false},"featured_media":106,"comment_status":"open","ping_status":"closed","template":"","meta":[],"product_brand":[],"product_cat":[29],"product_tag":[37,38],"class_list":{"0":"post-107","1":"product","2":"type-product","3":"status-publish","4":"has-post-thumbnail","6":"product_cat-oprema-za-odpremo-in-prejem","7":"product_tag-drzalo-s-sprozilcem","8":"product_tag-gungrip","10":"first","11":"instock","12":"taxable","13":"shipping-taxable","14":"purchasable","15":"product-type-simple"},"wc_booster_product_categories":[{"id":29,"name":"Oprema za odpremo in prejem"}],"wc_booster_product_price":"<span class=\"woocommerce-Price-amount amount\"><bdi>78,08&nbsp;<span class=\"woocommerce-Price-currencySymbol\">&euro;<\/span><\/bdi><\/span>","wc_booster_product_rating":"","wc_booster_product_banner_img":false,"wc_booster_product_reviews":[],"wc_booster_product_stock_data":{"manage_stock":true,"total_stock":10,"sold_stock":0},"_links":{"self":[{"href":"https:\/\/metakocka.shop\/metakocka\/wp-json\/wp\/v2\/product\/107","targetHints":{"allow":["GET"]}}],"collection":[{"href":"https:\/\/metakocka.shop\/metakocka\/wp-json\/wp\/v2\/product"}],"about":[{"href":"https:\/\/metakocka.shop\/metakocka\/wp-json\/wp\/v2\/types\/product"}],"replies":[{"embeddable":true,"href":"https:\/\/metakocka.shop\/metakocka\/wp-json\/wp\/v2\/comments?post=107"}],"wp:featuredmedia":[{"embeddable":true,"href":"https:\/\/metakocka.shop\/metakocka\/wp-json\/wp\/v2\/media\/106"}],"wp:attachment":[{"href":"https:\/\/metakocka.shop\/metakocka\/wp-json\/wp\/v2\/media?parent=107"}],"wp:term":[{"taxonomy":"product_brand","embeddable":true,"href":"https:\/\/metakocka.shop\/metakocka\/wp-json\/wp\/v2\/product_brand?post=107"},{"taxonomy":"product_cat","embeddable":true,"href":"https:\/\/metakocka.shop\/metakocka\/wp-json\/wp\/v2\/product_cat?post=107"},{"taxonomy":"product_tag","embeddable":true,"href":"https:\/\/metakocka.shop\/metakocka\/wp-json\/wp\/v2\/product_tag?post=107"}],"curies":[{"name":"wp","href":"https:\/\/api.w.org\/{rel}","templated":true}]}}