{"id":81,"date":"2025-07-28T17:14:37","date_gmt":"2025-07-28T15:14:37","guid":{"rendered":"https:\/\/metakocka.shop\/metakocka\/product\/nalepka-50x30-nn-s-kolut\/"},"modified":"2025-07-28T17:14:37","modified_gmt":"2025-07-28T15:14:37","slug":"nalepka-50x30-nn-s-kolut","status":"publish","type":"product","link":"https:\/\/metakocka.shop\/metakocka\/product\/nalepka-50x30-nn-s-kolut\/","title":{"rendered":"Nalepka 50&#215;30 NN-S | KOLUT"},"content":{"rendered":"Nalepka dimenzij 50&#215;30 mm je izdelana iz nepremazanega (Vellum) papirja in ima povr\u0161ino za navadno lepljenje. Notranji premer koluta zna\u0161a fi40 mm, medtem ko dose\u017ee najve\u010dji zunanji premer fi125 mm. Na vsakem kolutu je 1500 nalepk. Pri tiskanju te nalepke priporo\u010damo uporabo ribon folije (vosek).","protected":false},"excerpt":{"rendered":"<p>Nalepka dimenzij 50&#215;30 mm je izdelana iz nepremazanega (Vellum) papirja in ima povr\u0161ino za navadno lepljenje. Notranji premer koluta zna\u0161a [&hellip;]<\/p>\n","protected":false},"featured_media":80,"comment_status":"open","ping_status":"closed","template":"","meta":[],"product_brand":[],"product_cat":[20],"product_tag":[],"class_list":{"0":"post-81","1":"product","2":"type-product","3":"status-publish","4":"has-post-thumbnail","6":"product_cat-nalepke","8":"first","9":"instock","10":"taxable","11":"shipping-taxable","12":"product-type-simple"},"wc_booster_product_categories":[{"id":20,"name":"Nalepke"}],"wc_booster_product_price":null,"wc_booster_product_rating":"","wc_booster_product_banner_img":false,"wc_booster_product_reviews":[],"wc_booster_product_stock_data":{"manage_stock":true,"total_stock":1000,"sold_stock":0},"_links":{"self":[{"href":"https:\/\/metakocka.shop\/metakocka\/wp-json\/wp\/v2\/product\/81","targetHints":{"allow":["GET"]}}],"collection":[{"href":"https:\/\/metakocka.shop\/metakocka\/wp-json\/wp\/v2\/product"}],"about":[{"href":"https:\/\/metakocka.shop\/metakocka\/wp-json\/wp\/v2\/types\/product"}],"replies":[{"embeddable":true,"href":"https:\/\/metakocka.shop\/metakocka\/wp-json\/wp\/v2\/comments?post=81"}],"wp:featuredmedia":[{"embeddable":true,"href":"https:\/\/metakocka.shop\/metakocka\/wp-json\/wp\/v2\/media\/80"}],"wp:attachment":[{"href":"https:\/\/metakocka.shop\/metakocka\/wp-json\/wp\/v2\/media?parent=81"}],"wp:term":[{"taxonomy":"product_brand","embeddable":true,"href":"https:\/\/metakocka.shop\/metakocka\/wp-json\/wp\/v2\/product_brand?post=81"},{"taxonomy":"product_cat","embeddable":true,"href":"https:\/\/metakocka.shop\/metakocka\/wp-json\/wp\/v2\/product_cat?post=81"},{"taxonomy":"product_tag","embeddable":true,"href":"https:\/\/metakocka.shop\/metakocka\/wp-json\/wp\/v2\/product_tag?post=81"}],"curies":[{"name":"wp","href":"https:\/\/api.w.org\/{rel}","templated":true}]}}