{"id":99,"date":"2025-07-28T17:14:45","date_gmt":"2025-07-28T15:14:45","guid":{"rendered":"https:\/\/metakocka.shop\/metakocka\/product\/pos-tiskalnik-star-tsp100-tsp143iiiu\/"},"modified":"2025-07-28T17:14:45","modified_gmt":"2025-07-28T15:14:45","slug":"pos-tiskalnik-star-tsp100-tsp143iiiu","status":"publish","type":"product","link":"https:\/\/metakocka.shop\/metakocka\/product\/pos-tiskalnik-star-tsp100-tsp143iiiu\/","title":{"rendered":"POS tiskalnik Star TSP100 TSP143IIIU"},"content":{"rendered":"<p data-mce-fragment=\"1\"><span data-mce-fragment=\"1\">POS tiskalnik Star TSP100 TSP143IIIU je vrhunski termi\u010dni tiskalnik, ki prina\u0161a zanesljivost in u\u010dinkovitost v va\u0161e poslovno okolje. Z napredno tehnologijo in hitrostjo tiskanja je idealen za razli\u010dne poslovne aplikacije, hkrati pa je posebej zdru\u017eljiv s programom Metakocka.<\/span><\/p>\n<p data-mce-fragment=\"1\"><span data-mce-fragment=\"1\">Zaradi svoje kompatibilnosti z Metakocka programom je vklju\u010ditev tiskalnika v katerokoli dejavnost, ki zahteva uporabo POS tiskalnika, izjemno preprosta in brez zapletenih postopkov. Star TSP143IIIU omogo\u010da hitro tiskanje ra\u010dunov, kar dodatno olaj\u0161a vzdr\u017eevanje poslovnih procesov.<\/span><\/p>\n<p data-mce-fragment=\"1\"><span data-mce-fragment=\"1\">TSP143IIIU tiskalnik se pona\u0161a z elegantnim in kompaktnim dizajnom, ki se brez te\u017eav prilega va\u0161i prodajni to\u010dki. Z vgrajenim mehanizmom za samodejno odstranjevanje papirja ter enostavno zamenljivimi tiskalnimi valji bo va\u0161e delo \u0161e bolj zanesljivo in produktivno.<\/span><\/p>\n<p data-mce-fragment=\"1\"><span data-mce-fragment=\"1\">Ne glede na dejavnost, ki jo vodite in zahteva uporabo POS tiskalnika, bo Star TSP100 TSP143IIIU zagotovil gladko in hitro tiskanje dokumentov ter olaj\u0161al va\u0161e poslovne procese v povezavi z Metakocka programom.<\/span><\/p>","protected":false},"excerpt":{"rendered":"<p>POS tiskalnik Star TSP100 TSP143IIIU je vrhunski termi\u010dni tiskalnik, ki prina\u0161a zanesljivost in u\u010dinkovitost v va\u0161e poslovno okolje. Z napredno [&hellip;]<\/p>\n","protected":false},"featured_media":98,"comment_status":"open","ping_status":"closed","template":"","meta":[],"product_brand":[],"product_cat":[19],"product_tag":[27,28],"class_list":{"0":"post-99","1":"product","2":"type-product","3":"status-publish","4":"has-post-thumbnail","6":"product_cat-davcna-blagajna","7":"product_tag-pos-tiskalnik","8":"product_tag-pos-tiskalnik-star-tsp100-tsp143iiiu","10":"first","11":"instock","12":"taxable","13":"shipping-taxable","14":"product-type-simple"},"wc_booster_product_categories":[{"id":19,"name":"DAV\u010cNA BLAGAJNA"}],"wc_booster_product_price":null,"wc_booster_product_rating":"","wc_booster_product_banner_img":false,"wc_booster_product_reviews":[],"wc_booster_product_stock_data":{"manage_stock":true,"total_stock":9,"sold_stock":0},"_links":{"self":[{"href":"https:\/\/metakocka.shop\/metakocka\/wp-json\/wp\/v2\/product\/99","targetHints":{"allow":["GET"]}}],"collection":[{"href":"https:\/\/metakocka.shop\/metakocka\/wp-json\/wp\/v2\/product"}],"about":[{"href":"https:\/\/metakocka.shop\/metakocka\/wp-json\/wp\/v2\/types\/product"}],"replies":[{"embeddable":true,"href":"https:\/\/metakocka.shop\/metakocka\/wp-json\/wp\/v2\/comments?post=99"}],"wp:featuredmedia":[{"embeddable":true,"href":"https:\/\/metakocka.shop\/metakocka\/wp-json\/wp\/v2\/media\/98"}],"wp:attachment":[{"href":"https:\/\/metakocka.shop\/metakocka\/wp-json\/wp\/v2\/media?parent=99"}],"wp:term":[{"taxonomy":"product_brand","embeddable":true,"href":"https:\/\/metakocka.shop\/metakocka\/wp-json\/wp\/v2\/product_brand?post=99"},{"taxonomy":"product_cat","embeddable":true,"href":"https:\/\/metakocka.shop\/metakocka\/wp-json\/wp\/v2\/product_cat?post=99"},{"taxonomy":"product_tag","embeddable":true,"href":"https:\/\/metakocka.shop\/metakocka\/wp-json\/wp\/v2\/product_tag?post=99"}],"curies":[{"name":"wp","href":"https:\/\/api.w.org\/{rel}","templated":true}]}}